{"id":100,"date":"2026-04-26T15:49:41","date_gmt":"2026-04-26T13:49:41","guid":{"rendered":"https:\/\/kaldent.pl\/index.php\/zakres-uslug\/"},"modified":"2026-04-26T17:03:12","modified_gmt":"2026-04-26T15:03:12","slug":"zakres-uslug","status":"publish","type":"page","link":"https:\/\/kaldent.pl\/index.php\/zakres-uslug\/","title":{"rendered":"Zakres Us\u0142ug"},"content":{"rendered":"<!-- kaldent-managed-page:v21 -->n<main class=\"wp-block-group site-content-wrapper kaldent-page-wrapper is-layout-flow wp-block-group-is-layout-flow\"><div class=\"wp-block-group site-content-shell kaldent-page-shell is-layout-flow wp-block-group-is-layout-flow\"><div class=\"wp-block-group kaldent-page-card is-layout-flow wp-block-group-is-layout-flow\"><h2 class=\"wp-block-heading kaldent-page-title\">Zakres Us\u0142ug<\/h2><div class=\"wp-block-group kaldent-services-list is-layout-flow wp-block-group-is-layout-flow\"><div class=\"wp-block-group kaldent-service-row is-layout-flow wp-block-group-is-layout-flow\"><p class=\"kaldent-check-icon\">\u2713<\/p><div class=\"wp-block-group is-layout-flow wp-block-group-is-layout-flow\"><h3 class=\"wp-block-heading\">Stomatologia zachowawcza<\/h3><p>Wype\u0142nienia \u015bwiat\u0142outwardzalne, odbudowy z\u0119b\u00f3w oraz leczenie z\u0119b\u00f3w mlecznych.<\/p><\/div><\/div><div class=\"wp-block-group kaldent-service-row is-layout-flow wp-block-group-is-layout-flow\"><p class=\"kaldent-check-icon\">\u2713<\/p><div class=\"wp-block-group is-layout-flow wp-block-group-is-layout-flow\"><h3 class=\"wp-block-heading\">Profilaktyka<\/h3><p>Skaling, piaskowanie, fluoryzacja i higienizacja dopasowana do potrzeb pacjenta.<\/p><\/div><\/div><div class=\"wp-block-group kaldent-service-row is-layout-flow wp-block-group-is-layout-flow\"><p class=\"kaldent-check-icon\">\u2713<\/p><div class=\"wp-block-group is-layout-flow wp-block-group-is-layout-flow\"><h3 class=\"wp-block-heading\">Endodoncja<\/h3><p>Leczenie kana\u0142owe, tak\u017ce trudne przypadki i zabiegi pod mikroskopem.<\/p><\/div><\/div><div class=\"wp-block-group kaldent-service-row is-layout-flow wp-block-group-is-layout-flow\"><p class=\"kaldent-check-icon\">\u2713<\/p><div class=\"wp-block-group is-layout-flow wp-block-group-is-layout-flow\"><h3 class=\"wp-block-heading\">Ortodoncja<\/h3><p>Konsultacje ortodontyczne oraz aparaty sta\u0142e metalowe i estetyczne.<\/p><\/div><\/div><div class=\"wp-block-group kaldent-service-row is-layout-flow wp-block-group-is-layout-flow\"><p class=\"kaldent-check-icon\">\u2713<\/p><div class=\"wp-block-group is-layout-flow wp-block-group-is-layout-flow\"><h3 class=\"wp-block-heading\">Implantologia i protetyka<\/h3><p>Implanty, korony, mosty i protezy dobierane do warunk\u00f3w zgryzowych.<\/p><\/div><\/div><div class=\"wp-block-group kaldent-service-row is-layout-flow wp-block-group-is-layout-flow\"><p class=\"kaldent-check-icon\">\u2713<\/p><div class=\"wp-block-group is-layout-flow wp-block-group-is-layout-flow\"><h3 class=\"wp-block-heading\">Chirurgia stomatologiczna<\/h3><p>Usuwanie z\u0119b\u00f3w, \u00f3semek, mleczak\u00f3w oraz bardziej z\u0142o\u017cone ekstrakcje.<\/p><\/div><\/div><\/div><\/div><\/div><\/main>","protected":false},"excerpt":{"rendered":"<p>n Zakres Us\u0142ug \u2713 Stomatologia zachowawcza Wype\u0142nienia \u015bwiat\u0142outwardzalne, odbudowy z\u0119b\u00f3w oraz leczenie z\u0119b\u00f3w mlecznych. \u2713 Profilaktyka Skaling, piaskowanie, fluoryzacja i higienizacja dopasowana do potrzeb pacjenta. \u2713 Endodoncja Leczenie kana\u0142owe, tak\u017ce trudne przypadki i zabiegi pod mikroskopem. \u2713 Ortodoncja Konsultacje ortodontyczne oraz aparaty sta\u0142e metalowe i estetyczne. \u2713 Implantologia i protetyka Implanty, korony, mosty i protezy [&hellip;]<\/p>\n","protected":false},"author":3,"featured_media":0,"parent":0,"menu_order":1,"comment_status":"closed","ping_status":"closed","template":"","meta":{"footnotes":""},"class_list":["post-100","page","type-page","status-publish","hentry"],"_links":{"self":[{"href":"https:\/\/kaldent.pl\/index.php\/wp-json\/wp\/v2\/pages\/100","targetHints":{"allow":["GET"]}}],"collection":[{"href":"https:\/\/kaldent.pl\/index.php\/wp-json\/wp\/v2\/pages"}],"about":[{"href":"https:\/\/kaldent.pl\/index.php\/wp-json\/wp\/v2\/types\/page"}],"author":[{"embeddable":true,"href":"https:\/\/kaldent.pl\/index.php\/wp-json\/wp\/v2\/users\/3"}],"replies":[{"embeddable":true,"href":"https:\/\/kaldent.pl\/index.php\/wp-json\/wp\/v2\/comments?post=100"}],"version-history":[{"count":7,"href":"https:\/\/kaldent.pl\/index.php\/wp-json\/wp\/v2\/pages\/100\/revisions"}],"predecessor-version":[{"id":165,"href":"https:\/\/kaldent.pl\/index.php\/wp-json\/wp\/v2\/pages\/100\/revisions\/165"}],"wp:attachment":[{"href":"https:\/\/kaldent.pl\/index.php\/wp-json\/wp\/v2\/media?parent=100"}],"curies":[{"name":"wp","href":"https:\/\/api.w.org\/{rel}","templated":true}]}}